{"id":254,"date":"2021-09-30T14:20:54","date_gmt":"2021-09-30T12:20:54","guid":{"rendered":"http:\/\/ginkgo.lu\/disclaimer\/"},"modified":"2021-09-30T15:24:58","modified_gmt":"2021-09-30T13:24:58","slug":"disclaimer","status":"publish","type":"page","link":"https:\/\/ginkgo.lu\/en\/disclaimer\/","title":{"rendered":"Disclaimer"},"content":{"rendered":"<section class=\"wpb-content-wrapper\"><p>[vc_section el_class=&#8221;top-pad-intro-sec&#8221;][vc_row][vc_column][vc_column_text]<\/p>\n<h1 class=\"al-center\">Disclaimer<\/h1>\n<p>Ce site Web est la propri\u00e9t\u00e9 de Pfeiffer Claude Josee Anne Marie<br \/>\nDonn\u00e9es de contact : Val Sainte Croix 3, L-1371 Luxembourg<br \/>\nAdresse du si\u00e8ge social : Rue Joseph Hansen 15, L-1716 Luxembourg<br \/>\nT\u00e9l\u00e9phone : <a href=\"tel:+352222174\">+352 22 21 74<\/a><br \/>\nAdresse mail : <a href=\"mailto:pharmacie@ginkgo.lu\">pharmacie@ginkgo.lu<\/a><br \/>\nNum\u00e9ro de TVA : LU21651466<\/p>\n<p>Bienvenue sur le site web www.ginkgo.lu. Lisez ces Conditions G\u00e9n\u00e9rales attentivement. Elles contiennent les r\u00e8gles qui s\u2019appliquent \u00e0 l\u2019acc\u00e8s \u00e0 la partie publique de notre site (utilisateurs non-enregistr\u00e9s).<br \/>\nEn visitant notre site Internet et en l\u2019utilisant tout utilisateur s\u2019engage \u00e0 respecter les pr\u00e9sentes Conditions G\u00e9n\u00e9rales et il \/ elle accepte leur force contraignante.<\/p>\n<p><strong>Propri\u00e9t\u00e9 intellectuelle<\/strong><br \/>\nLe contenu du site internet, y inclus les marques, logos, les \u00e9l\u00e9ments et illustrations graphiques, les donn\u00e9es, les d\u00e9nominations de produits et de soci\u00e9t\u00e9, les textes, les images, etc, sont et resteront la propri\u00e9t\u00e9 exclusive de la pharmacie Ginkgo ou de certains tiers avec qui pharmacie Ginkgo a conclu des contrats de licence ou d\u2019utilisation.<\/p>\n<p><strong>Limitation de responsabilit\u00e9<\/strong><br \/>\nL\u2019information sur ce site est de nature g\u00e9n\u00e9ral. L\u2019information n\u2019est pas adapt\u00e9e \u00e0 des situations sp\u00e9cifiques ni individualis\u00e9e et ne peut donc en aucun cas constituer un avis personnel ou juridique \u00e0 un utilisateur individuel.<br \/>\nLa pharmacie Ginkgo consacre la plus grande attention et le plus grand soin possibles au contenu de son site internet. Ce contenu est toutefois sujet \u00e0 des modifications, peut \u00eatre supprim\u00e9 de tout temps et est mis \u00e0 disposition de l\u2019utilisateur sans garanties explicites ou implicites concernant son exactitude.<br \/>\nLa pharmacie Ginkgo n\u2019est pas responsable des d\u00e9g\u00e2ts directs ou indirects caus\u00e9s par l\u2019utilisation du contenu de son site internet. Si vous constatez la pr\u00e9sence d\u2019inexactitudes dans l\u2019information communiqu\u00e9 sur notre site internet, nous vous prions de contacter le responsable du site internet.<br \/>\nLe contenu du site internet (y inclus les hyperliens) est sujet \u00e0 des modifications et peut \u00eatre supprim\u00e9 de tout temps.<br \/>\nLa pharmacie Ginkgo ne peut garantir un fonctionnement parfait de son site internet, ni un acc\u00e8s ininterrompu \u00e0 son site internet et des probl\u00e8mes de fonctionnement o\u00f9 d\u2019acc\u00e8s ne pourront en aucun cas entra\u00eener de sanction ou d\u2019indemnit\u00e9, directe ou indirecte dans son chef.<br \/>\nLa pharmacie Ginkgo ne peut \u00eatre tenu responsable de toute erreur ou omission, ni des r\u00e9sultats obtenus par suite de l\u2019utilisation de ce site ou d\u2019un autre.<br \/>\nLe site internet peut contenir des liens vers des sites qui ne sont pas g\u00e9r\u00e9s, abrit\u00e9s ou entretenus par la pharmacie Ginkgo. La pr\u00e9sence de liens vers ces sites n\u2019implique en aucun cas l\u2019accord de la pharmacie Ginkgo avec le contenu de ces sites internet. La pharmacie Ginkgo n\u2019est en aucun cas responsable du contenu ou d\u2019autres caract\u00e9ristiques de tels sites et ne peut \u00eatre tenu responsable de ce contenu, de ces caract\u00e9ristiques ou de quelque dommage que ce soit li\u00e9 \u00e0 l\u2019utilisation de ces sites internet.<\/p>\n<p><strong>Droit applicable et tribunaux comp\u00e9tents<\/strong><br \/>\nCes conditions g\u00e9n\u00e9rales sont r\u00e9gies, interpr\u00e9t\u00e9es et ex\u00e9cut\u00e9es conform\u00e9ment au droit luxembourgeois, seul droit applicable en cas de litige.<br \/>\nRemarque : En cas d\u2019achat \u00e0 partir de l\u2019\u00e9tranger, le client devient importateur dans son pays ; il devra alors acquitter toutes les taxes locales selon la l\u00e9gislation en vigueur dans son pays.<\/p>\n<p><strong>L\u2019utilisation des cookies<\/strong><br \/>\nLors de votre visite, des cookies peuvent \u00eatre install\u00e9s sur le disque dur de votre ordinateur et ceci afin d\u2019am\u00e9liorer le service offert par le site internet pour des utilisateurs lors des prochaines visites au site internet. Ces petits fichiers ou cookies ne sont pas utilis\u00e9s \u00e0 des fins d\u2019analyse de votre comportement en ligne sur d\u2019autres sites internet. Vous pouvez d\u00e9sactiver l\u2019utilisation de cookies ou adapter le niveau des alertes et demandes d\u2019autorisation envoy\u00e9es avant l\u2019installation des cookies dans les param\u00e8tres de votre moteur de recherche. Vous trouverez plus d\u2019information dans la section aide de votre moteur de recherche.[\/vc_column_text][\/vc_column][\/vc_row][\/vc_section]<\/p>\n<\/section>","protected":false},"excerpt":{"rendered":"<p>[vc_section el_class=&#8221;top-pad-intro-sec&#8221;][vc_row][vc_column][vc_column_text] Disclaimer Ce site Web est la propri\u00e9t\u00e9 de Pfeiffer Claude Josee Anne Marie Donn\u00e9es de contact : Val Sainte Croix 3, L-1371 Luxembourg Adresse<span class=\"excerpt-hellip\"> [\u2026]<\/span><\/p>\n","protected":false},"author":1,"featured_media":0,"parent":0,"menu_order":0,"comment_status":"closed","ping_status":"closed","template":"","meta":{"footnotes":""},"class_list":["post-254","page","type-page","status-publish","hentry"],"yoast_head":"<!-- This site is optimized with the Yoast SEO plugin v20.8 - https:\/\/yoast.com\/wordpress\/plugins\/seo\/ -->\n<title>Disclaimer - GinkGo<\/title>\n<meta name=\"robots\" content=\"index, follow, max-snippet:-1, max-image-preview:large, max-video-preview:-1\" \/>\n<link rel=\"canonical\" href=\"https:\/\/ginkgo.lu\/en\/disclaimer\/\" \/>\n<meta property=\"og:locale\" content=\"en_US\" \/>\n<meta property=\"og:type\" content=\"article\" \/>\n<meta property=\"og:title\" content=\"Disclaimer - GinkGo\" \/>\n<meta property=\"og:description\" content=\"[vc_section el_class=&#8221;top-pad-intro-sec&#8221;][vc_row][vc_column][vc_column_text] Disclaimer Ce site Web est la propri\u00e9t\u00e9 de Pfeiffer Claude Josee Anne Marie Donn\u00e9es de contact : Val Sainte Croix 3, L-1371 Luxembourg Adresse [\u2026]\" \/>\n<meta property=\"og:url\" content=\"https:\/\/ginkgo.lu\/en\/disclaimer\/\" \/>\n<meta property=\"og:site_name\" content=\"GinkGo\" \/>\n<meta property=\"article:modified_time\" content=\"2021-09-30T13:24:58+00:00\" \/>\n<meta name=\"twitter:card\" content=\"summary_large_image\" \/>\n<meta name=\"twitter:label1\" content=\"Est. reading time\" \/>\n\t<meta name=\"twitter:data1\" content=\"3 minutes\" \/>\n<script type=\"application\/ld+json\" class=\"yoast-schema-graph\">{\"@context\":\"https:\/\/schema.org\",\"@graph\":[{\"@type\":\"WebPage\",\"@id\":\"https:\/\/ginkgo.lu\/en\/disclaimer\/\",\"url\":\"https:\/\/ginkgo.lu\/en\/disclaimer\/\",\"name\":\"Disclaimer - GinkGo\",\"isPartOf\":{\"@id\":\"https:\/\/ginkgo.lu\/#website\"},\"datePublished\":\"2021-09-30T12:20:54+00:00\",\"dateModified\":\"2021-09-30T13:24:58+00:00\",\"breadcrumb\":{\"@id\":\"https:\/\/ginkgo.lu\/en\/disclaimer\/#breadcrumb\"},\"inLanguage\":\"en-US\",\"potentialAction\":[{\"@type\":\"ReadAction\",\"target\":[\"https:\/\/ginkgo.lu\/en\/disclaimer\/\"]}]},{\"@type\":\"BreadcrumbList\",\"@id\":\"https:\/\/ginkgo.lu\/en\/disclaimer\/#breadcrumb\",\"itemListElement\":[{\"@type\":\"ListItem\",\"position\":1,\"name\":\"Home\",\"item\":\"https:\/\/ginkgo.lu\/en\/\"},{\"@type\":\"ListItem\",\"position\":2,\"name\":\"Disclaimer\"}]},{\"@type\":\"WebSite\",\"@id\":\"https:\/\/ginkgo.lu\/#website\",\"url\":\"https:\/\/ginkgo.lu\/\",\"name\":\"GinkGo\",\"description\":\"\",\"inLanguage\":\"en-US\"}]}<\/script>\n<!-- \/ Yoast SEO plugin. -->","yoast_head_json":{"title":"Disclaimer - GinkGo","robots":{"index":"index","follow":"follow","max-snippet":"max-snippet:-1","max-image-preview":"max-image-preview:large","max-video-preview":"max-video-preview:-1"},"canonical":"https:\/\/ginkgo.lu\/en\/disclaimer\/","og_locale":"en_US","og_type":"article","og_title":"Disclaimer - GinkGo","og_description":"[vc_section el_class=&#8221;top-pad-intro-sec&#8221;][vc_row][vc_column][vc_column_text] Disclaimer Ce site Web est la propri\u00e9t\u00e9 de Pfeiffer Claude Josee Anne Marie Donn\u00e9es de contact : Val Sainte Croix 3, L-1371 Luxembourg Adresse [\u2026]","og_url":"https:\/\/ginkgo.lu\/en\/disclaimer\/","og_site_name":"GinkGo","article_modified_time":"2021-09-30T13:24:58+00:00","twitter_card":"summary_large_image","twitter_misc":{"Est. reading time":"3 minutes"},"schema":{"@context":"https:\/\/schema.org","@graph":[{"@type":"WebPage","@id":"https:\/\/ginkgo.lu\/en\/disclaimer\/","url":"https:\/\/ginkgo.lu\/en\/disclaimer\/","name":"Disclaimer - GinkGo","isPartOf":{"@id":"https:\/\/ginkgo.lu\/#website"},"datePublished":"2021-09-30T12:20:54+00:00","dateModified":"2021-09-30T13:24:58+00:00","breadcrumb":{"@id":"https:\/\/ginkgo.lu\/en\/disclaimer\/#breadcrumb"},"inLanguage":"en-US","potentialAction":[{"@type":"ReadAction","target":["https:\/\/ginkgo.lu\/en\/disclaimer\/"]}]},{"@type":"BreadcrumbList","@id":"https:\/\/ginkgo.lu\/en\/disclaimer\/#breadcrumb","itemListElement":[{"@type":"ListItem","position":1,"name":"Home","item":"https:\/\/ginkgo.lu\/en\/"},{"@type":"ListItem","position":2,"name":"Disclaimer"}]},{"@type":"WebSite","@id":"https:\/\/ginkgo.lu\/#website","url":"https:\/\/ginkgo.lu\/","name":"GinkGo","description":"","inLanguage":"en-US"}]}},"_links":{"self":[{"href":"https:\/\/ginkgo.lu\/en\/wp-json\/wp\/v2\/pages\/254","targetHints":{"allow":["GET"]}}],"collection":[{"href":"https:\/\/ginkgo.lu\/en\/wp-json\/wp\/v2\/pages"}],"about":[{"href":"https:\/\/ginkgo.lu\/en\/wp-json\/wp\/v2\/types\/page"}],"author":[{"embeddable":true,"href":"https:\/\/ginkgo.lu\/en\/wp-json\/wp\/v2\/users\/1"}],"replies":[{"embeddable":true,"href":"https:\/\/ginkgo.lu\/en\/wp-json\/wp\/v2\/comments?post=254"}],"version-history":[{"count":2,"href":"https:\/\/ginkgo.lu\/en\/wp-json\/wp\/v2\/pages\/254\/revisions"}],"predecessor-version":[{"id":290,"href":"https:\/\/ginkgo.lu\/en\/wp-json\/wp\/v2\/pages\/254\/revisions\/290"}],"wp:attachment":[{"href":"https:\/\/ginkgo.lu\/en\/wp-json\/wp\/v2\/media?parent=254"}],"curies":[{"name":"wp","href":"https:\/\/api.w.org\/{rel}","templated":true}]}}