{"id":269,"date":"2021-09-30T14:39:29","date_gmt":"2021-09-30T12:39:29","guid":{"rendered":"http:\/\/ginkgo.lu\/?page_id=269"},"modified":"2021-09-30T14:39:29","modified_gmt":"2021-09-30T12:39:29","slug":"cookie-policy","status":"publish","type":"page","link":"https:\/\/ginkgo.lu\/en\/cookie-policy\/","title":{"rendered":"Cookie policy"},"content":{"rendered":"<section class=\"wpb-content-wrapper\"><p>[vc_section el_class=&#8221;top-pad-intro-sec&#8221;][vc_row][vc_column][vc_column_text]<\/p>\n<h1 class=\"al-center\">Politique en mati\u00e8re de cookies<\/h1>\n<p>Nous (Pharmacie Ginkgo., dont le si\u00e8ge social est \u00e9tabli Rue Joseph Hansen 15, L-1716 Luxembourg, inscrite \u00e0 la TVA sous le num\u00e9ro LU21651466) souhaitons vous informer de la fa\u00e7on dont nous utilisons les cookies sur notre site web (www.ginkgo.lu) et comment vous pouvez les g\u00e9rer.<\/p>\n<p><strong>Que sont les cookies ?<\/strong><br \/>\nUn cookie est un petit fichier envoy\u00e9 par le serveur de Pharmacie Ginkgo et plac\u00e9 sur le disque dur de votre ordinateur. Nous seuls pouvons lire les informations enregistr\u00e9es par ces cookies, et ce, uniquement pendant la dur\u00e9e de votre visite sur notre site web.<\/p>\n<p><strong>Pourquoi utilisons-nous des cookies ?<\/strong><br \/>\nNotre site web utilise des cookies et d\u2019autres technologies similaires afin de distinguer vos pr\u00e9f\u00e9rences d\u2019utilisation de celles des autres utilisateurs de notre site web. Cela nous permet de vous proposer une exp\u00e9rience d\u2019utilisation plus conviviale lors de votre visite sur notre site web et d\u2019optimiser celui-ci.<br \/>\n\u00c0 la suite des r\u00e9centes modifications l\u00e9gislatives, tous les sites web qui s\u2019adressent \u00e0 certaines parties de l\u2019Union europ\u00e9enne sont oblig\u00e9s de demander votre accord pour l\u2019utilisation et la sauvegarde de cookies et d\u2019autres technologies similaires sur votre ordinateur ou appareil mobile. La pr\u00e9sente politique en mati\u00e8re de cookies vous fournit des informations claires et compl\u00e8tes concernant les cookies que nous utilisons et leur but.<\/p>\n<p><strong>Les types de cookies<\/strong><br \/>\nBien qu\u2019il existe plusieurs types de cookies, qui se distinguent par leur fonction, leur origine ou leur dur\u00e9e de conservation, la l\u00e9gislation distingue principalement les cookies fonctionnels ou techniquement n\u00e9cessaires d\u2019une part et tous les autres cookies d\u2019autre part.<\/p>\n<p>Cookies indispensables<br \/>\nCes cookies sont requis pour permettre la visite de nos sites Internet et l\u2019utilisation de certaines de leurs parties. Ils vous permettent par exemple de naviguer entre les diff\u00e9rentes rubriques du site Internet ou de remplir des formulaires. Si vous refusez ces cookies, certaines rubriques du site Internet ne fonctionneront pas de mani\u00e8re optimale, voire pas du tout.<\/p>\n<p><strong>Cookies fonctionnels<\/strong><br \/>\nLes cookies fonctionnels sont des cookies destin\u00e9s \u00e0 faciliter le fonctionnement de nos sites Internet, \u00e0 en rendre l\u2019utilisation plus agr\u00e9able pour le visiteur et \u00e0 vous donner une exp\u00e9rience de navigation plus personnalis\u00e9e. Il s\u2019agit par exemple des cookies qui retiennent vos pr\u00e9f\u00e9rences.<\/p>\n<p><strong>Cookies tiers<\/strong><br \/>\nLe site Internet contient \u00e9galement des \u00e9l\u00e9ments \u00e9manant de tiers, tels que des services audiovisuels, des boutons propres aux m\u00e9dias sociaux ou des publicit\u00e9s.<\/p>\n<table width=\"522\">\n<tbody>\n<tr>\n<td><strong>Nom<\/strong><\/td>\n<td width=\"410\"><strong>Fonction<\/strong><\/td>\n<td width=\"21\"><strong>Dur\u00e9e de conservation<\/strong><\/td>\n<\/tr>\n<tr>\n<td>Google Analytics<\/td>\n<td width=\"410\">Ces cookies recueillent des informations analytiques sur nos clients en ligne.<\/td>\n<td width=\"21\">24 mois<\/td>\n<\/tr>\n<tr>\n<td>Google Tag Manager<\/td>\n<td width=\"410\">Ces cookies sont utilis\u00e9s pour tester et d\u00e9boguer le Google Tag Manager.<\/td>\n<td width=\"21\">Apr\u00e8s la session<\/td>\n<\/tr>\n<\/tbody>\n<\/table>\n<p>Pour les cookies plac\u00e9s par des tiers (notamment par Google Analytics), nous vous invitons \u00e0 consulter les d\u00e9clarations de ces tiers sur leurs sites web respectifs. Attention : nous n\u2019avons aucune influence sur le contenu de ces d\u00e9clarations ni sur le contenu des cookies de ces tiers : Cookies Google Analytics.<\/p>\n<p>Pour toute autre question ou remarque relative au traitement de vos donn\u00e9es \u00e0 caract\u00e8re personnel, contactez-nous par e-mail \u00e0 l\u2019adresse pharmacie@ginkgo.lu. Vous pouvez aussi envoyer un courrier \u00e0 l\u2019adresse postale suivante : \u00c0 l\u2019attention de Pharmacie Ginkgo \u2013 Data Protection Officer, Val Sainte Croix 3, L-1371 Luxembourg.<br \/>\nRetrouvez plus d\u2019informations sur les cookies sur : http:\/\/www.allaboutcookies.org\/.<br \/>\nRetrouvez plus d\u2019informations sur la publicit\u00e9 comportementale en ligne et la confidentialit\u00e9 en ligne sur : http:\/\/www.youronlinechoices.eu\/.[\/vc_column_text][\/vc_column][\/vc_row][\/vc_section]<\/p>\n<\/section>","protected":false},"excerpt":{"rendered":"<p>[vc_section el_class=&#8221;top-pad-intro-sec&#8221;][vc_row][vc_column][vc_column_text] Politique en mati\u00e8re de cookies Nous (Pharmacie Ginkgo., dont le si\u00e8ge social est \u00e9tabli Rue Joseph Hansen 15, L-1716 Luxembourg, inscrite \u00e0 la TVA<span class=\"excerpt-hellip\"> [\u2026]<\/span><\/p>\n","protected":false},"author":1,"featured_media":0,"parent":0,"menu_order":0,"comment_status":"closed","ping_status":"closed","template":"","meta":{"footnotes":""},"class_list":["post-269","page","type-page","status-publish","hentry"],"yoast_head":"<!-- This site is optimized with the Yoast SEO plugin v20.8 - https:\/\/yoast.com\/wordpress\/plugins\/seo\/ -->\n<title>Cookie policy - GinkGo<\/title>\n<meta name=\"robots\" content=\"index, follow, max-snippet:-1, max-image-preview:large, max-video-preview:-1\" \/>\n<link rel=\"canonical\" href=\"https:\/\/ginkgo.lu\/en\/cookie-policy\/\" \/>\n<meta property=\"og:locale\" content=\"en_US\" \/>\n<meta property=\"og:type\" content=\"article\" \/>\n<meta property=\"og:title\" content=\"Cookie policy - GinkGo\" \/>\n<meta property=\"og:description\" content=\"[vc_section el_class=&#8221;top-pad-intro-sec&#8221;][vc_row][vc_column][vc_column_text] Politique en mati\u00e8re de cookies Nous (Pharmacie Ginkgo., dont le si\u00e8ge social est \u00e9tabli Rue Joseph Hansen 15, L-1716 Luxembourg, inscrite \u00e0 la TVA [\u2026]\" \/>\n<meta property=\"og:url\" content=\"https:\/\/ginkgo.lu\/en\/cookie-policy\/\" \/>\n<meta property=\"og:site_name\" content=\"GinkGo\" \/>\n<meta name=\"twitter:card\" content=\"summary_large_image\" \/>\n<meta name=\"twitter:label1\" content=\"Est. reading time\" \/>\n\t<meta name=\"twitter:data1\" content=\"3 minutes\" \/>\n<script type=\"application\/ld+json\" class=\"yoast-schema-graph\">{\"@context\":\"https:\/\/schema.org\",\"@graph\":[{\"@type\":\"WebPage\",\"@id\":\"https:\/\/ginkgo.lu\/en\/cookie-policy\/\",\"url\":\"https:\/\/ginkgo.lu\/en\/cookie-policy\/\",\"name\":\"Cookie policy - GinkGo\",\"isPartOf\":{\"@id\":\"https:\/\/ginkgo.lu\/#website\"},\"datePublished\":\"2021-09-30T12:39:29+00:00\",\"dateModified\":\"2021-09-30T12:39:29+00:00\",\"breadcrumb\":{\"@id\":\"https:\/\/ginkgo.lu\/en\/cookie-policy\/#breadcrumb\"},\"inLanguage\":\"en-US\",\"potentialAction\":[{\"@type\":\"ReadAction\",\"target\":[\"https:\/\/ginkgo.lu\/en\/cookie-policy\/\"]}]},{\"@type\":\"BreadcrumbList\",\"@id\":\"https:\/\/ginkgo.lu\/en\/cookie-policy\/#breadcrumb\",\"itemListElement\":[{\"@type\":\"ListItem\",\"position\":1,\"name\":\"Home\",\"item\":\"https:\/\/ginkgo.lu\/en\/\"},{\"@type\":\"ListItem\",\"position\":2,\"name\":\"Cookie policy\"}]},{\"@type\":\"WebSite\",\"@id\":\"https:\/\/ginkgo.lu\/#website\",\"url\":\"https:\/\/ginkgo.lu\/\",\"name\":\"GinkGo\",\"description\":\"\",\"inLanguage\":\"en-US\"}]}<\/script>\n<!-- \/ Yoast SEO plugin. -->","yoast_head_json":{"title":"Cookie policy - GinkGo","robots":{"index":"index","follow":"follow","max-snippet":"max-snippet:-1","max-image-preview":"max-image-preview:large","max-video-preview":"max-video-preview:-1"},"canonical":"https:\/\/ginkgo.lu\/en\/cookie-policy\/","og_locale":"en_US","og_type":"article","og_title":"Cookie policy - GinkGo","og_description":"[vc_section el_class=&#8221;top-pad-intro-sec&#8221;][vc_row][vc_column][vc_column_text] Politique en mati\u00e8re de cookies Nous (Pharmacie Ginkgo., dont le si\u00e8ge social est \u00e9tabli Rue Joseph Hansen 15, L-1716 Luxembourg, inscrite \u00e0 la TVA [\u2026]","og_url":"https:\/\/ginkgo.lu\/en\/cookie-policy\/","og_site_name":"GinkGo","twitter_card":"summary_large_image","twitter_misc":{"Est. reading time":"3 minutes"},"schema":{"@context":"https:\/\/schema.org","@graph":[{"@type":"WebPage","@id":"https:\/\/ginkgo.lu\/en\/cookie-policy\/","url":"https:\/\/ginkgo.lu\/en\/cookie-policy\/","name":"Cookie policy - GinkGo","isPartOf":{"@id":"https:\/\/ginkgo.lu\/#website"},"datePublished":"2021-09-30T12:39:29+00:00","dateModified":"2021-09-30T12:39:29+00:00","breadcrumb":{"@id":"https:\/\/ginkgo.lu\/en\/cookie-policy\/#breadcrumb"},"inLanguage":"en-US","potentialAction":[{"@type":"ReadAction","target":["https:\/\/ginkgo.lu\/en\/cookie-policy\/"]}]},{"@type":"BreadcrumbList","@id":"https:\/\/ginkgo.lu\/en\/cookie-policy\/#breadcrumb","itemListElement":[{"@type":"ListItem","position":1,"name":"Home","item":"https:\/\/ginkgo.lu\/en\/"},{"@type":"ListItem","position":2,"name":"Cookie policy"}]},{"@type":"WebSite","@id":"https:\/\/ginkgo.lu\/#website","url":"https:\/\/ginkgo.lu\/","name":"GinkGo","description":"","inLanguage":"en-US"}]}},"_links":{"self":[{"href":"https:\/\/ginkgo.lu\/en\/wp-json\/wp\/v2\/pages\/269","targetHints":{"allow":["GET"]}}],"collection":[{"href":"https:\/\/ginkgo.lu\/en\/wp-json\/wp\/v2\/pages"}],"about":[{"href":"https:\/\/ginkgo.lu\/en\/wp-json\/wp\/v2\/types\/page"}],"author":[{"embeddable":true,"href":"https:\/\/ginkgo.lu\/en\/wp-json\/wp\/v2\/users\/1"}],"replies":[{"embeddable":true,"href":"https:\/\/ginkgo.lu\/en\/wp-json\/wp\/v2\/comments?post=269"}],"version-history":[{"count":2,"href":"https:\/\/ginkgo.lu\/en\/wp-json\/wp\/v2\/pages\/269\/revisions"}],"predecessor-version":[{"id":272,"href":"https:\/\/ginkgo.lu\/en\/wp-json\/wp\/v2\/pages\/269\/revisions\/272"}],"wp:attachment":[{"href":"https:\/\/ginkgo.lu\/en\/wp-json\/wp\/v2\/media?parent=269"}],"curies":[{"name":"wp","href":"https:\/\/api.w.org\/{rel}","templated":true}]}}